{"id":352,"date":"2018-07-28T16:08:06","date_gmt":"2018-07-28T16:08:06","guid":{"rendered":"https:\/\/manufacturer.stylemixthemes.com\/?page_id=352"},"modified":"2025-09-09T18:59:39","modified_gmt":"2025-09-09T18:59:39","slug":"services","status":"publish","type":"page","link":"https:\/\/sourcing-cambodia.com\/pl\/services\/","title":{"rendered":"Oferta"},"content":{"rendered":"<div data-elementor-type=\"wp-post\" data-elementor-id=\"352\" class=\"elementor elementor-352\">\n\t\t\t\t\t\t<section class=\"elementor-section elementor-top-section elementor-element elementor-element-69054a0 elementor-section-boxed elementor-section-height-default elementor-section-height-default\" data-id=\"69054a0\" data-element_type=\"section\" data-e-type=\"section\">\n\t\t\t\t\t\t<div class=\"elementor-container elementor-column-gap-default\">\n\t\t\t\t\t<div class=\"elementor-column elementor-col-100 elementor-top-column elementor-element elementor-element-8bec390\" data-id=\"8bec390\" data-element_type=\"column\" data-e-type=\"column\">\n\t\t\t<div class=\"elementor-widget-wrap elementor-element-populated\">\n\t\t\t\t\t\t<section class=\"elementor-section elementor-inner-section elementor-element elementor-element-5ff2dca elementor-section-full_width elementor-section-height-default elementor-section-height-default\" data-id=\"5ff2dca\" data-element_type=\"section\" data-e-type=\"section\">\n\t\t\t\t\t\t<div class=\"elementor-container elementor-column-gap-no\">\n\t\t\t\t\t<div class=\"elementor-block-hover-white elementor-column elementor-col-25 elementor-inner-column elementor-element elementor-element-aaa0db6\" data-id=\"aaa0db6\" data-element_type=\"column\" data-e-type=\"column\" data-settings=\"{&quot;background_background&quot;:&quot;classic&quot;}\">\n\t\t\t<div class=\"elementor-widget-wrap elementor-element-populated\">\n\t\t\t\t\t\t<div class=\"elementor-element elementor-element-998bced elementor-widget elementor-widget-heading\" data-id=\"998bced\" data-element_type=\"widget\" data-e-type=\"widget\" data-widget_type=\"heading.default\">\n\t\t\t\t\t<div class=\"elementor-heading-title elementor-size-default elementor-heading-title elementor-align-after-mobile-center\"><i class=\"startups-011-networking-1\"><\/i><span> <\/span><\/div>\t\t\t\t<\/div>\n\t\t\t\t<div class=\"elementor-element elementor-element-e53d71a elementor-widget elementor-widget-heading\" data-id=\"e53d71a\" data-element_type=\"widget\" data-e-type=\"widget\" data-widget_type=\"heading.default\">\n\t\t\t\t\t<div class=\"elementor-heading-title elementor-size-default elementor-heading-title\">Sourcing Produkt\u00f3w<\/div>\t\t\t\t<\/div>\n\t\t\t\t<div class=\"elementor-element elementor-element-02e424f elementor-widget elementor-widget-text-editor\" data-id=\"02e424f\" data-element_type=\"widget\" data-e-type=\"widget\" data-widget_type=\"text-editor.default\">\n\t\t\t\t\t\t\t\t\t<p data-start=\"291\" data-end=\"446\">Pomagamy klientom w identyfikowaniu i pozyskiwaniu szerokiego asortymentu produkt\u00f3w z Kambod\u017cy, dopasowuj\u0105c wymagania dotycz\u0105ce jako\u015bci, ceny i zdolno\u015bci produkcyjne,<\/p>\t\t\t\t\t\t\t\t<\/div>\n\t\t\t\t\t<\/div>\n\t\t<\/div>\n\t\t\t\t<div class=\"elementor-block-hover-white elementor-column elementor-col-25 elementor-inner-column elementor-element elementor-element-4780954\" data-id=\"4780954\" data-element_type=\"column\" data-e-type=\"column\" data-settings=\"{&quot;background_background&quot;:&quot;classic&quot;}\">\n\t\t\t<div class=\"elementor-widget-wrap elementor-element-populated\">\n\t\t\t\t\t\t<div class=\"elementor-element elementor-element-62d2504 elementor-widget elementor-widget-heading\" data-id=\"62d2504\" data-element_type=\"widget\" data-e-type=\"widget\" data-widget_type=\"heading.default\">\n\t\t\t\t\t<div class=\"elementor-heading-title elementor-size-default elementor-heading-title elementor-align-after-mobile-center\"><i class=\"ti-search\"><\/i><span> <\/span><\/div>\t\t\t\t<\/div>\n\t\t\t\t<div class=\"elementor-element elementor-element-68f0c29 elementor-widget elementor-widget-heading\" data-id=\"68f0c29\" data-element_type=\"widget\" data-e-type=\"widget\" data-widget_type=\"heading.default\">\n\t\t\t\t\t<div class=\"elementor-heading-title elementor-size-default elementor-heading-title\">Wyszukiwanie dostawc\u00f3w\n<\/div>\t\t\t\t<\/div>\n\t\t\t\t<div class=\"elementor-element elementor-element-1d3c6e2 elementor-widget elementor-widget-text-editor\" data-id=\"1d3c6e2\" data-element_type=\"widget\" data-e-type=\"widget\" data-widget_type=\"text-editor.default\">\n\t\t\t\t\t\t\t\t\t<p data-start=\"451\" data-end=\"575\">Przeprowadzamy ukierunkowane wyszukiwania, aby po\u0142\u0105czy\u0107 Ci\u0119 z rzetelnymi kambod\u017ca\u0144skimi dostawcami w Twojej bran\u017cy.<\/p>\t\t\t\t\t\t\t\t<\/div>\n\t\t\t\t\t<\/div>\n\t\t<\/div>\n\t\t\t\t<div class=\"elementor-block-hover-white elementor-column elementor-col-25 elementor-inner-column elementor-element elementor-element-58bfa25\" data-id=\"58bfa25\" data-element_type=\"column\" data-e-type=\"column\" data-settings=\"{&quot;background_background&quot;:&quot;classic&quot;}\">\n\t\t\t<div class=\"elementor-widget-wrap elementor-element-populated\">\n\t\t\t\t\t\t<div class=\"elementor-element elementor-element-ae347fd elementor-widget elementor-widget-heading\" data-id=\"ae347fd\" data-element_type=\"widget\" data-e-type=\"widget\" data-widget_type=\"heading.default\">\n\t\t\t\t\t<div class=\"elementor-heading-title elementor-size-default elementor-heading-title elementor-align-after-mobile-center\"><i class=\"ti-eye\"><\/i><span> <\/span><\/div>\t\t\t\t<\/div>\n\t\t\t\t<div class=\"elementor-element elementor-element-bd89b49 elementor-widget elementor-widget-heading\" data-id=\"bd89b49\" data-element_type=\"widget\" data-e-type=\"widget\" data-widget_type=\"heading.default\">\n\t\t\t\t\t<div class=\"elementor-heading-title elementor-size-default elementor-heading-title\">Weryfikacja dostawc\u00f3w\n<\/div>\t\t\t\t<\/div>\n\t\t\t\t<div class=\"elementor-element elementor-element-9f705b1 elementor-widget elementor-widget-text-editor\" data-id=\"9f705b1\" data-element_type=\"widget\" data-e-type=\"widget\" data-widget_type=\"text-editor.default\">\n\t\t\t\t\t\t\t\t\t<p data-start=\"580\" data-end=\"699\">Weryfikujemy rejestracj\u0119 prawn\u0105, histori\u0119 i reputacj\u0119 dostawc\u00f3w, aby zminimalizowa\u0107 ryzyko.<\/p>\t\t\t\t\t\t\t\t<\/div>\n\t\t\t\t\t<\/div>\n\t\t<\/div>\n\t\t\t\t<div class=\"elementor-block-hover-white elementor-column elementor-col-25 elementor-inner-column elementor-element elementor-element-80e30b4\" data-id=\"80e30b4\" data-element_type=\"column\" data-e-type=\"column\" data-settings=\"{&quot;background_background&quot;:&quot;classic&quot;}\">\n\t\t\t<div class=\"elementor-widget-wrap elementor-element-populated\">\n\t\t\t\t\t\t<div class=\"elementor-element elementor-element-ea09bfe elementor-widget elementor-widget-heading\" data-id=\"ea09bfe\" data-element_type=\"widget\" data-e-type=\"widget\" data-widget_type=\"heading.default\">\n\t\t\t\t\t<div class=\"elementor-heading-title elementor-size-default elementor-heading-title elementor-align-after-mobile-center\"><i class=\"ti-direction-alt\"><\/i><span> <\/span><\/div>\t\t\t\t<\/div>\n\t\t\t\t<div class=\"elementor-element elementor-element-9bacdbe elementor-widget elementor-widget-heading\" data-id=\"9bacdbe\" data-element_type=\"widget\" data-e-type=\"widget\" data-widget_type=\"heading.default\">\n\t\t\t\t\t<div class=\"elementor-heading-title elementor-size-default elementor-heading-title\">Zwiedzanie fabryk\n<\/div>\t\t\t\t<\/div>\n\t\t\t\t<div class=\"elementor-element elementor-element-205502a elementor-widget elementor-widget-text-editor\" data-id=\"205502a\" data-element_type=\"widget\" data-e-type=\"widget\" data-widget_type=\"text-editor.default\">\n\t\t\t\t\t\t\t\t\t<p data-start=\"704\" data-end=\"832\">Organizujemy oprowadzane wizyty w fabrykach, aby\u015b m\u00f3g\u0142 oceni\u0107 zak\u0142ady produkcyjne i bezpo\u015brednio spotka\u0107 si\u0119 z kierownictwem.<\/p>\t\t\t\t\t\t\t\t<\/div>\n\t\t\t\t\t<\/div>\n\t\t<\/div>\n\t\t\t\t\t<\/div>\n\t\t<\/section>\n\t\t\t\t<section class=\"elementor-section elementor-inner-section elementor-element elementor-element-8723abd elementor-section-full_width elementor-section-height-default elementor-section-height-default\" data-id=\"8723abd\" data-element_type=\"section\" data-e-type=\"section\">\n\t\t\t\t\t\t<div class=\"elementor-container elementor-column-gap-no\">\n\t\t\t\t\t<div class=\"elementor-block-hover-white elementor-column elementor-col-25 elementor-inner-column elementor-element elementor-element-7a6d6b1\" data-id=\"7a6d6b1\" data-element_type=\"column\" data-e-type=\"column\" data-settings=\"{&quot;background_background&quot;:&quot;classic&quot;}\">\n\t\t\t<div class=\"elementor-widget-wrap elementor-element-populated\">\n\t\t\t\t\t\t<div class=\"elementor-element elementor-element-237e4db elementor-widget elementor-widget-heading\" data-id=\"237e4db\" data-element_type=\"widget\" data-e-type=\"widget\" data-widget_type=\"heading.default\">\n\t\t\t\t\t<div class=\"elementor-heading-title elementor-size-default elementor-heading-title elementor-align-after-mobile-center\"><i class=\"industrial-061-factory-6\"><\/i><span> <\/span><\/div>\t\t\t\t<\/div>\n\t\t\t\t<div class=\"elementor-element elementor-element-9b8f518 elementor-widget elementor-widget-heading\" data-id=\"9b8f518\" data-element_type=\"widget\" data-e-type=\"widget\" data-widget_type=\"heading.default\">\n\t\t\t\t\t<div class=\"elementor-heading-title elementor-size-default elementor-heading-title\">Inspekcja fabryki\n<\/div>\t\t\t\t<\/div>\n\t\t\t\t<div class=\"elementor-element elementor-element-46b91bf elementor-widget elementor-widget-text-editor\" data-id=\"46b91bf\" data-element_type=\"widget\" data-e-type=\"widget\" data-widget_type=\"text-editor.default\">\n\t\t\t\t\t\t\t\t\t<p data-start=\"837\" data-end=\"972\">Oceny na miejscu zdolno\u015bci produkcyjnych, sprz\u0119tu i standard\u00f3w zgodno\u015bci przed podj\u0119ciem wsp\u00f3\u0142pracy.<\/p>\t\t\t\t\t\t\t\t<\/div>\n\t\t\t\t\t<\/div>\n\t\t<\/div>\n\t\t\t\t<div class=\"elementor-block-hover-white elementor-column elementor-col-25 elementor-inner-column elementor-element elementor-element-60fbbb7\" data-id=\"60fbbb7\" data-element_type=\"column\" data-e-type=\"column\" data-settings=\"{&quot;background_background&quot;:&quot;classic&quot;}\">\n\t\t\t<div class=\"elementor-widget-wrap elementor-element-populated\">\n\t\t\t\t\t\t<div class=\"elementor-element elementor-element-8ad8ef5 elementor-widget elementor-widget-heading\" data-id=\"8ad8ef5\" data-element_type=\"widget\" data-e-type=\"widget\" data-widget_type=\"heading.default\">\n\t\t\t\t\t<div class=\"elementor-heading-title elementor-size-default elementor-heading-title elementor-align-after-mobile-center\"><i class=\"ti-ruler-pencil\"><\/i><span> <\/span><\/div>\t\t\t\t<\/div>\n\t\t\t\t<div class=\"elementor-element elementor-element-11b9fbf elementor-widget elementor-widget-heading\" data-id=\"11b9fbf\" data-element_type=\"widget\" data-e-type=\"widget\" data-widget_type=\"heading.default\">\n\t\t\t\t\t<div class=\"elementor-heading-title elementor-size-default elementor-heading-title\">Wsparcie OEM\/ODM\n<\/div>\t\t\t\t<\/div>\n\t\t\t\t<div class=\"elementor-element elementor-element-f1fe66d elementor-widget elementor-widget-text-editor\" data-id=\"f1fe66d\" data-element_type=\"widget\" data-e-type=\"widget\" data-widget_type=\"text-editor.default\">\n\t\t\t\t\t\t\t\t\t<p data-start=\"977\" data-end=\"1108\">Pomoc w opracowywaniu produkt\u00f3w pod mark\u0105 w\u0142asn\u0105 (OEM) lub zaprojektowanych na zam\u00f3wienie (ODM), dostosowanych do Twojej marki.<\/p><p data-start=\"1113\" data-end=\"1259\">\u00a0<\/p>\t\t\t\t\t\t\t\t<\/div>\n\t\t\t\t\t<\/div>\n\t\t<\/div>\n\t\t\t\t<div class=\"elementor-block-hover-white elementor-column elementor-col-25 elementor-inner-column elementor-element elementor-element-372c4ba\" data-id=\"372c4ba\" data-element_type=\"column\" data-e-type=\"column\" data-settings=\"{&quot;background_background&quot;:&quot;classic&quot;}\">\n\t\t\t<div class=\"elementor-widget-wrap elementor-element-populated\">\n\t\t\t\t\t\t<div class=\"elementor-element elementor-element-3d4c59f elementor-widget elementor-widget-heading\" data-id=\"3d4c59f\" data-element_type=\"widget\" data-e-type=\"widget\" data-widget_type=\"heading.default\">\n\t\t\t\t\t<div class=\"elementor-heading-title elementor-size-default elementor-heading-title elementor-align-after-mobile-center\"><i class=\"startups-041-innovation\"><\/i><span> <\/span><\/div>\t\t\t\t<\/div>\n\t\t\t\t<div class=\"elementor-element elementor-element-4d84b48 elementor-widget elementor-widget-heading\" data-id=\"4d84b48\" data-element_type=\"widget\" data-e-type=\"widget\" data-widget_type=\"heading.default\">\n\t\t\t\t\t<div class=\"elementor-heading-title elementor-size-default elementor-heading-title\">Opracowywanie produkt\u00f3w na zam\u00f3wienie\n<\/div>\t\t\t\t<\/div>\n\t\t\t\t<div class=\"elementor-element elementor-element-40b2b46 elementor-widget elementor-widget-text-editor\" data-id=\"40b2b46\" data-element_type=\"widget\" data-e-type=\"widget\" data-widget_type=\"text-editor.default\">\n\t\t\t\t\t\t\t\t\t<p data-start=\"1113\" data-end=\"1259\">Od pomys\u0142u, przez prototyp, a\u017c po produkcj\u0119 masow\u0105 \u2014 wspieramy ka\u017cdy etap tworzenia unikalnego produktu w Kambod\u017cy.<\/p>\t\t\t\t\t\t\t\t<\/div>\n\t\t\t\t\t<\/div>\n\t\t<\/div>\n\t\t\t\t<div class=\"elementor-block-hover-white elementor-column elementor-col-25 elementor-inner-column elementor-element elementor-element-b84b4b6\" data-id=\"b84b4b6\" data-element_type=\"column\" data-e-type=\"column\" data-settings=\"{&quot;background_background&quot;:&quot;classic&quot;}\">\n\t\t\t<div class=\"elementor-widget-wrap elementor-element-populated\">\n\t\t\t\t\t\t<div class=\"elementor-element elementor-element-c96d106 elementor-widget elementor-widget-heading\" data-id=\"c96d106\" data-element_type=\"widget\" data-e-type=\"widget\" data-widget_type=\"heading.default\">\n\t\t\t\t\t<div class=\"elementor-heading-title elementor-size-default elementor-heading-title elementor-align-after-mobile-center\"><i class=\"startups-016-package\"><\/i><span> <\/span><\/div>\t\t\t\t<\/div>\n\t\t\t\t<div class=\"elementor-element elementor-element-ff3410b elementor-widget elementor-widget-heading\" data-id=\"ff3410b\" data-element_type=\"widget\" data-e-type=\"widget\" data-widget_type=\"heading.default\">\n\t\t\t\t\t<div class=\"elementor-heading-title elementor-size-default elementor-heading-title\">Kontrola jako\u015bci\n<\/div>\t\t\t\t<\/div>\n\t\t\t\t<div class=\"elementor-element elementor-element-6e7777c elementor-widget elementor-widget-text-editor\" data-id=\"6e7777c\" data-element_type=\"widget\" data-e-type=\"widget\" data-widget_type=\"text-editor.default\">\n\t\t\t\t\t\t\t\t\t<p data-start=\"1264\" data-end=\"1374\">Regularne kontrole w trakcie produkcji, aby upewni\u0107 si\u0119, \u017ce Twoje produkty spe\u0142niaj\u0105 ustalone standardy jako\u015bci.<\/p>\t\t\t\t\t\t\t\t<\/div>\n\t\t\t\t\t<\/div>\n\t\t<\/div>\n\t\t\t\t\t<\/div>\n\t\t<\/section>\n\t\t\t\t<section class=\"elementor-section elementor-inner-section elementor-element elementor-element-bec5153 elementor-section-full_width elementor-section-height-default elementor-section-height-default\" data-id=\"bec5153\" data-element_type=\"section\" data-e-type=\"section\">\n\t\t\t\t\t\t<div class=\"elementor-container elementor-column-gap-no\">\n\t\t\t\t\t<div class=\"elementor-block-hover-white elementor-column elementor-col-25 elementor-inner-column elementor-element elementor-element-529cf1d\" data-id=\"529cf1d\" data-element_type=\"column\" data-e-type=\"column\" data-settings=\"{&quot;background_background&quot;:&quot;classic&quot;}\">\n\t\t\t<div class=\"elementor-widget-wrap elementor-element-populated\">\n\t\t\t\t\t\t<div class=\"elementor-element elementor-element-034d93d elementor-widget elementor-widget-heading\" data-id=\"034d93d\" data-element_type=\"widget\" data-e-type=\"widget\" data-widget_type=\"heading.default\">\n\t\t\t\t\t<div class=\"elementor-heading-title elementor-size-default elementor-heading-title elementor-align-after-mobile-center\"><i class=\"ti-check-box\"><\/i><span> <\/span><\/div>\t\t\t\t<\/div>\n\t\t\t\t<div class=\"elementor-element elementor-element-7f642e5 elementor-widget elementor-widget-heading\" data-id=\"7f642e5\" data-element_type=\"widget\" data-e-type=\"widget\" data-widget_type=\"heading.default\">\n\t\t\t\t\t<div class=\"elementor-heading-title elementor-size-default elementor-heading-title\">Us\u0142ugi inspekcyjne (przed wysy\u0142k\u0105 i inne)\n<\/div>\t\t\t\t<\/div>\n\t\t\t\t<div class=\"elementor-element elementor-element-8acf41e elementor-widget elementor-widget-text-editor\" data-id=\"8acf41e\" data-element_type=\"widget\" data-e-type=\"widget\" data-widget_type=\"text-editor.default\">\n\t\t\t\t\t\t\t\t\t<p data-start=\"1379\" data-end=\"1544\">Kontrole przed wysy\u0142k\u0105, nadz\u00f3r nad za\u0142adunkiem oraz ostateczne sprawdzenia, aby zagwarantowa\u0107 zgodno\u015b\u0107 produkt\u00f3w przed wysy\u0142k\u0105.<\/p>\t\t\t\t\t\t\t\t<\/div>\n\t\t\t\t\t<\/div>\n\t\t<\/div>\n\t\t\t\t<div class=\"elementor-block-hover-white elementor-column elementor-col-25 elementor-inner-column elementor-element elementor-element-d525ca4\" data-id=\"d525ca4\" data-element_type=\"column\" data-e-type=\"column\" data-settings=\"{&quot;background_background&quot;:&quot;classic&quot;}\">\n\t\t\t<div class=\"elementor-widget-wrap elementor-element-populated\">\n\t\t\t\t\t\t<div class=\"elementor-element elementor-element-e57b1b7 elementor-widget elementor-widget-heading\" data-id=\"e57b1b7\" data-element_type=\"widget\" data-e-type=\"widget\" data-widget_type=\"heading.default\">\n\t\t\t\t\t<div class=\"elementor-heading-title elementor-size-default elementor-heading-title elementor-align-after-mobile-center\"><i class=\"ti-files\"><\/i><span> <\/span><\/div>\t\t\t\t<\/div>\n\t\t\t\t<div class=\"elementor-element elementor-element-592982d elementor-widget elementor-widget-heading\" data-id=\"592982d\" data-element_type=\"widget\" data-e-type=\"widget\" data-widget_type=\"heading.default\">\n\t\t\t\t\t<div class=\"elementor-heading-title elementor-size-default elementor-heading-title\">Wsparcie w zakresie um\u00f3w i negocjacji\n<\/div>\t\t\t\t<\/div>\n\t\t\t\t<div class=\"elementor-element elementor-element-3507a51 elementor-widget elementor-widget-text-editor\" data-id=\"3507a51\" data-element_type=\"widget\" data-e-type=\"widget\" data-widget_type=\"text-editor.default\">\n\t\t\t\t\t\t\t\t\t<p data-start=\"1550\" data-end=\"1690\">Pomoc w sporz\u0105dzaniu, przegl\u0105daniu i negocjowaniu um\u00f3w z dostawcami w celu jak najlepszej ochrony Twoich interes\u00f3w.<\/p>\t\t\t\t\t\t\t\t<\/div>\n\t\t\t\t\t<\/div>\n\t\t<\/div>\n\t\t\t\t<div class=\"elementor-block-hover-white elementor-column elementor-col-25 elementor-inner-column elementor-element elementor-element-2cfaba8\" data-id=\"2cfaba8\" data-element_type=\"column\" data-e-type=\"column\" data-settings=\"{&quot;background_background&quot;:&quot;classic&quot;}\">\n\t\t\t<div class=\"elementor-widget-wrap elementor-element-populated\">\n\t\t\t\t\t\t<div class=\"elementor-element elementor-element-3cd9544 elementor-widget elementor-widget-heading\" data-id=\"3cd9544\" data-element_type=\"widget\" data-e-type=\"widget\" data-widget_type=\"heading.default\">\n\t\t\t\t\t<div class=\"elementor-heading-title elementor-size-default elementor-heading-title elementor-align-after-mobile-center\"><i class=\"ti-loop\"><\/i><span> <\/span><\/div>\t\t\t\t<\/div>\n\t\t\t\t<div class=\"elementor-element elementor-element-a125d56 elementor-widget elementor-widget-heading\" data-id=\"a125d56\" data-element_type=\"widget\" data-e-type=\"widget\" data-widget_type=\"heading.default\">\n\t\t\t\t\t<div class=\"elementor-heading-title elementor-size-default elementor-heading-title\">Zarzadzanie \u0142a\u0144cuchem dostaw\n<\/div>\t\t\t\t<\/div>\n\t\t\t\t<div class=\"elementor-element elementor-element-b44f3e5 elementor-widget elementor-widget-text-editor\" data-id=\"b44f3e5\" data-element_type=\"widget\" data-e-type=\"widget\" data-widget_type=\"text-editor.default\">\n\t\t\t\t\t\t\t\t\t<p data-start=\"1696\" data-end=\"1846\">Kompleksowe wsparcie w zakresie logistyki,  produkcji i koordynacji dostawc\u00f3w, aby zapewni\u0107 p\u0142ynno\u015b\u0107 \u0142a\u0144cucha dostaw.<\/p>\t\t\t\t\t\t\t\t<\/div>\n\t\t\t\t\t<\/div>\n\t\t<\/div>\n\t\t\t\t<div class=\"elementor-block-hover-white elementor-column elementor-col-25 elementor-inner-column elementor-element elementor-element-08d9ae3\" data-id=\"08d9ae3\" data-element_type=\"column\" data-e-type=\"column\" data-settings=\"{&quot;background_background&quot;:&quot;classic&quot;}\">\n\t\t\t<div class=\"elementor-widget-wrap elementor-element-populated\">\n\t\t\t\t\t\t<div class=\"elementor-element elementor-element-7a398d8 elementor-widget elementor-widget-heading\" data-id=\"7a398d8\" data-element_type=\"widget\" data-e-type=\"widget\" data-widget_type=\"heading.default\">\n\t\t\t\t\t<div class=\"elementor-heading-title elementor-size-default elementor-heading-title elementor-align-after-mobile-center\"><i class=\"industrial-061-book\"><\/i><span> <\/span><\/div>\t\t\t\t<\/div>\n\t\t\t\t<div class=\"elementor-element elementor-element-ce3ad17 elementor-widget elementor-widget-heading\" data-id=\"ce3ad17\" data-element_type=\"widget\" data-e-type=\"widget\" data-widget_type=\"heading.default\">\n\t\t\t\t\t<div class=\"elementor-heading-title elementor-size-default elementor-heading-title\">Inne Us\u0142ugi\n<\/div>\t\t\t\t<\/div>\n\t\t\t\t<div class=\"elementor-element elementor-element-1ab3e55 elementor-widget elementor-widget-text-editor\" data-id=\"1ab3e55\" data-element_type=\"widget\" data-e-type=\"widget\" data-widget_type=\"text-editor.default\">\n\t\t\t\t\t\t\t\t\t<p data-start=\"1852\" data-end=\"2004\">Indywidualnie dopasowane rozwi\u0105zania dostosowane do Twoich konkretnych potrzeb w Kambod\u017cy, obejmuj\u0105ce t\u0142umaczenia, badania lokalnego rynku i wsparcie biznesowe.<\/p>\t\t\t\t\t\t\t\t<\/div>\n\t\t\t\t\t<\/div>\n\t\t<\/div>\n\t\t\t\t\t<\/div>\n\t\t<\/section>\n\t\t\t\t\t<\/div>\n\t\t<\/div>\n\t\t\t\t\t<\/div>\n\t\t<\/section>\n\t\t\t\t<\/div>","protected":false},"excerpt":{"rendered":"<p>Product Sourcing We help clients identify and source a wide range of products from Cambodia, matching quality, price,&#8230;<\/p>","protected":false},"author":1,"featured_media":0,"parent":0,"menu_order":0,"comment_status":"closed","ping_status":"closed","template":"elementor_header_footer","meta":{"footnotes":""},"class_list":["post-352","page","type-page","status-publish","hentry"],"_links":{"self":[{"href":"https:\/\/sourcing-cambodia.com\/pl\/wp-json\/wp\/v2\/pages\/352","targetHints":{"allow":["GET"]}}],"collection":[{"href":"https:\/\/sourcing-cambodia.com\/pl\/wp-json\/wp\/v2\/pages"}],"about":[{"href":"https:\/\/sourcing-cambodia.com\/pl\/wp-json\/wp\/v2\/types\/page"}],"author":[{"embeddable":true,"href":"https:\/\/sourcing-cambodia.com\/pl\/wp-json\/wp\/v2\/users\/1"}],"replies":[{"embeddable":true,"href":"https:\/\/sourcing-cambodia.com\/pl\/wp-json\/wp\/v2\/comments?post=352"}],"version-history":[{"count":24,"href":"https:\/\/sourcing-cambodia.com\/pl\/wp-json\/wp\/v2\/pages\/352\/revisions"}],"predecessor-version":[{"id":3524,"href":"https:\/\/sourcing-cambodia.com\/pl\/wp-json\/wp\/v2\/pages\/352\/revisions\/3524"}],"wp:attachment":[{"href":"https:\/\/sourcing-cambodia.com\/pl\/wp-json\/wp\/v2\/media?parent=352"}],"curies":[{"name":"wp","href":"https:\/\/api.w.org\/{rel}","templated":true}]}}